{"id":148,"date":"2020-03-26T01:54:11","date_gmt":"2020-03-26T01:54:11","guid":{"rendered":"https:\/\/demosites.io\/rokophoto-gb\/?page_id=148"},"modified":"2024-05-11T20:41:04","modified_gmt":"2024-05-11T18:41:04","slug":"98ee9-contact","status":"publish","type":"page","link":"https:\/\/lescollinesdepona.fr\/index.php\/98ee9-contact\/","title":{"rendered":"Contact"},"content":{"rendered":"\n<div id=\"wp-block-themeisle-blocks-advanced-columns-2dc1e350\" class=\"wp-block-themeisle-blocks-advanced-columns alignfull has-1-columns has-desktop-equal-layout has-tablet-equal-layout has-mobile-equal-layout has-vertical-unset\"><div class=\"wp-block-themeisle-blocks-advanced-columns-overlay\"><\/div><div class=\"innerblocks-wrap\">\n<div id=\"wp-block-themeisle-blocks-advanced-column-b90d3609\" class=\"wp-block-themeisle-blocks-advanced-column\">\n<h1 id=\"wp-block-themeisle-blocks-advanced-heading-542a6bef\" class=\"wp-block-themeisle-blocks-advanced-heading wp-block-themeisle-blocks-advanced-heading-542a6bef\">Pour venir nous rencontrer<\/h1>\n\n\n\n<h4 id=\"wp-block-themeisle-blocks-advanced-heading-9055877b\" class=\"wp-block-themeisle-blocks-advanced-heading wp-block-themeisle-blocks-advanced-heading-9055877b\"><\/h4>\n<\/div>\n<\/div><\/div>\n\n\n\n<div id=\"wp-block-themeisle-blocks-advanced-columns-d4934908\" class=\"wp-block-themeisle-blocks-advanced-columns alignfull has-1-columns has-desktop-equal-layout has-tablet-equal-layout has-mobile-collapsedRows-layout has-vertical-unset\"><div class=\"wp-block-themeisle-blocks-advanced-columns-overlay\"><\/div><div class=\"innerblocks-wrap\">\n<div id=\"wp-block-themeisle-blocks-advanced-column-503e44cc\" class=\"wp-block-themeisle-blocks-advanced-column\">\n<h2 id=\"wp-block-themeisle-blocks-advanced-heading-2a16f44a\" class=\"wp-block-themeisle-blocks-advanced-heading wp-block-themeisle-blocks-advanced-heading-2a16f44a\">-&gt;A 50mn de Toulouse, <\/h2>\n\n\n\n<h2 id=\"wp-block-themeisle-blocks-advanced-heading-ccd55411\" class=\"wp-block-themeisle-blocks-advanced-heading wp-block-themeisle-blocks-advanced-heading-ccd55411\">-&gt;A 20mn de l&#8217;A64 (sortie 21), de la gare de Boussens, de Saint-Gaudens et de Martres-Tolosane, <\/h2>\n\n\n\n<h2 id=\"wp-block-themeisle-blocks-advanced-heading-63bc3f76\" class=\"wp-block-themeisle-blocks-advanced-heading wp-block-themeisle-blocks-advanced-heading-63bc3f76\">-&gt;A 15mn de Boulogne-sur-Gesse et 10m d&#8217;Aurignac:<\/h2>\n\n\n\n<h2 id=\"wp-block-themeisle-blocks-advanced-heading-e6644373\" class=\"wp-block-themeisle-blocks-advanced-heading wp-block-themeisle-blocks-advanced-heading-e6644373\"><\/h2>\n\n\n\n<p class=\"has-neve-text-color-color has-text-color\">En venant d&#8217;Aurignac, prendre \u00e0 droite la direction d&#8217;Esparron, suivre la D98, traverser la for\u00eat de Mauboussin et en arrivant au lieu-dit Mondine, la ferme \u00e9questre sera \u00e0 votre gauche, le parking en gravier clair proche des abris \u00e0 chevaux en bois. <\/p>\n\n\n\n<p>En venant de Boulogne\/Gesse, arriv\u00e9e au village de Cassagnab\u00e8re-Tournas, prendre \u00e0 gauche la direction d&#8217;Esparron sur la D81, puis au lieu-dit Mondine, prendre \u00e0 droite la direction d&#8217;Aurignac sur la D98, la ferme \u00e9questre sera \u00e0 200m sur votre droite, longer les abris en bois pour arriver au parking en gravier clair. <\/p>\n\n\n\n<div id=\"wp-block-themeisle-blocks-button-group-131389b8\" class=\"wp-block-themeisle-blocks-button-group wp-block-buttons\">\n<div id=\"wp-block-themeisle-blocks-button-19d22576\" class=\"wp-block-themeisle-blocks-button wp-block-button\"><a href=\"https:\/\/www.google.com\/maps\/dir\/43.2364933,0.8082318\/Ferme+%C3%A9questre+Les+Collines+d'Epona,+Route+de+Mauboussin,+Cassagnab%C3%A8re-Tournas\/@43.2354302,0.7606816,12057m\/data=!3m1!1e3!4m8!4m7!1m0!1m5!1m1!1s0x12a91d211571dfc9:0x9504f76122a3fa5a!2m2!1d0.8018811!2d43.2353751?entry=ttu\" target=\"_blank\" rel=\"noopener noreferrer\" class=\"wp-block-button__link\"><i class=\"fas fa-fw fa-map-marker-alt margin-right\"><\/i><span><strong>LES COLLINES D&#8217;EPONA<br><\/strong>Lieu-dit Mondine<br>Route de Mauboussin<br>31420 CASSAGNABERE-TOURNAS<\/span><\/a><\/div>\n<\/div>\n\n\n\n<h3 id=\"wp-block-themeisle-blocks-advanced-heading-75bf4ce1\" class=\"wp-block-themeisle-blocks-advanced-heading wp-block-themeisle-blocks-advanced-heading-75bf4ce1\"><\/h3>\n\n\n\n<div id=\"wp-block-themeisle-blocks-button-group-8e600231\" class=\"wp-block-themeisle-blocks-button-group wp-block-buttons\">\n<div id=\"wp-block-themeisle-blocks-button-0dee7b4c\" class=\"wp-block-themeisle-blocks-button wp-block-button\"><a href=\"\" target=\"_self\" rel=\"noopener noreferrer\" class=\"wp-block-button__link\"><i class=\"fas fa-fw fa-phone margin-right\"><\/i><span>06.30.44.31.30<\/span><\/a><\/div>\n<\/div>\n\n\n\n<div id=\"wp-block-themeisle-blocks-button-group-10a9af88\" class=\"wp-block-themeisle-blocks-button-group wp-block-buttons\">\n<div id=\"wp-block-themeisle-blocks-button-7e162bb0\" class=\"wp-block-themeisle-blocks-button wp-block-button\"><a href=\"\" target=\"_self\" rel=\"noopener noreferrer\" class=\"wp-block-button__link\"><i class=\"fas fa-fw fa-envelope margin-right\"><\/i><span>lescollinesdepona@proton.me <\/span><\/a><\/div>\n<\/div>\n<\/div>\n<\/div><\/div>\n\n\n\n<div id=\"wp-block-themeisle-blocks-advanced-columns-bb38c9f6\" class=\"wp-block-themeisle-blocks-advanced-columns alignfull has-1-columns has-desktop-equal-layout has-tablet-equal-layout has-mobile-equal-layout has-vertical-unset\"><div class=\"wp-block-themeisle-blocks-advanced-columns-overlay\"><\/div><div class=\"innerblocks-wrap\">\n<div id=\"wp-block-themeisle-blocks-advanced-column-7b48be77\" class=\"wp-block-themeisle-blocks-advanced-column\"><\/div>\n<\/div><\/div>\n","protected":false},"excerpt":{"rendered":"","protected":false},"author":1,"featured_media":0,"parent":0,"menu_order":0,"comment_status":"closed","ping_status":"closed","template":"","meta":{"_themeisle_gutenberg_block_has_review":false,"footnotes":""},"class_list":["post-148","page","type-page","status-publish","hentry"],"_links":{"self":[{"href":"https:\/\/lescollinesdepona.fr\/index.php\/wp-json\/wp\/v2\/pages\/148","targetHints":{"allow":["GET"]}}],"collection":[{"href":"https:\/\/lescollinesdepona.fr\/index.php\/wp-json\/wp\/v2\/pages"}],"about":[{"href":"https:\/\/lescollinesdepona.fr\/index.php\/wp-json\/wp\/v2\/types\/page"}],"author":[{"embeddable":true,"href":"https:\/\/lescollinesdepona.fr\/index.php\/wp-json\/wp\/v2\/users\/1"}],"replies":[{"embeddable":true,"href":"https:\/\/lescollinesdepona.fr\/index.php\/wp-json\/wp\/v2\/comments?post=148"}],"version-history":[{"count":8,"href":"https:\/\/lescollinesdepona.fr\/index.php\/wp-json\/wp\/v2\/pages\/148\/revisions"}],"predecessor-version":[{"id":743,"href":"https:\/\/lescollinesdepona.fr\/index.php\/wp-json\/wp\/v2\/pages\/148\/revisions\/743"}],"wp:attachment":[{"href":"https:\/\/lescollinesdepona.fr\/index.php\/wp-json\/wp\/v2\/media?parent=148"}],"curies":[{"name":"wp","href":"https:\/\/api.w.org\/{rel}","templated":true}]}}