{"id":582,"date":"2024-01-23T23:27:08","date_gmt":"2024-01-23T22:27:08","guid":{"rendered":"http:\/\/lescollinesdepona.fr\/?page_id=582"},"modified":"2026-03-04T19:23:11","modified_gmt":"2026-03-04T18:23:11","slug":"pension-equine","status":"publish","type":"page","link":"https:\/\/lescollinesdepona.fr\/index.php\/pension-equine\/","title":{"rendered":"Pension chevaux &amp; poneys"},"content":{"rendered":"\n<div class=\"wp-block-group is-nowrap is-layout-flex wp-container-core-group-is-layout-ad2f72ca wp-block-group-is-layout-flex\">\n<figure class=\"wp-block-image size-medium\"><img loading=\"lazy\" decoding=\"async\" width=\"225\" height=\"300\" src=\"https:\/\/lescollinesdepona.fr\/wp-content\/uploads\/2023\/02\/20221105_171924-225x300.jpg\" alt=\"\" class=\"wp-image-325\" srcset=\"https:\/\/lescollinesdepona.fr\/wp-content\/uploads\/2023\/02\/20221105_171924-225x300.jpg 225w, https:\/\/lescollinesdepona.fr\/wp-content\/uploads\/2023\/02\/20221105_171924-768x1024.jpg 768w, https:\/\/lescollinesdepona.fr\/wp-content\/uploads\/2023\/02\/20221105_171924-1152x1536.jpg 1152w, https:\/\/lescollinesdepona.fr\/wp-content\/uploads\/2023\/02\/20221105_171924-1536x2048.jpg 1536w, https:\/\/lescollinesdepona.fr\/wp-content\/uploads\/2023\/02\/20221105_171924-45x60.jpg 45w, https:\/\/lescollinesdepona.fr\/wp-content\/uploads\/2023\/02\/20221105_171924-scaled.jpg 1920w\" sizes=\"auto, (max-width: 225px) 100vw, 225px\" \/><\/figure>\n\n\n\n<figure class=\"wp-block-image size-medium\"><img loading=\"lazy\" decoding=\"async\" width=\"300\" height=\"300\" src=\"https:\/\/lescollinesdepona.fr\/wp-content\/uploads\/2026\/03\/Logo-BEA-RVB-3-300x300.jpg\" alt=\"\" class=\"wp-image-972\" srcset=\"https:\/\/lescollinesdepona.fr\/wp-content\/uploads\/2026\/03\/Logo-BEA-RVB-3-300x300.jpg 300w, https:\/\/lescollinesdepona.fr\/wp-content\/uploads\/2026\/03\/Logo-BEA-RVB-3-1024x1024.jpg 1024w, https:\/\/lescollinesdepona.fr\/wp-content\/uploads\/2026\/03\/Logo-BEA-RVB-3-150x150.jpg 150w, https:\/\/lescollinesdepona.fr\/wp-content\/uploads\/2026\/03\/Logo-BEA-RVB-3-768x768.jpg 768w, https:\/\/lescollinesdepona.fr\/wp-content\/uploads\/2026\/03\/Logo-BEA-RVB-3-1536x1536.jpg 1536w, https:\/\/lescollinesdepona.fr\/wp-content\/uploads\/2026\/03\/Logo-BEA-RVB-3-2048x2048.jpg 2048w\" sizes=\"auto, (max-width: 300px) 100vw, 300px\" \/><\/figure>\n\n\n\n<figure class=\"wp-block-image size-medium\"><img loading=\"lazy\" decoding=\"async\" width=\"300\" height=\"225\" src=\"https:\/\/lescollinesdepona.fr\/wp-content\/uploads\/2026\/03\/20251021_170512-300x225.jpg\" alt=\"\" class=\"wp-image-984\" srcset=\"https:\/\/lescollinesdepona.fr\/wp-content\/uploads\/2026\/03\/20251021_170512-300x225.jpg 300w, https:\/\/lescollinesdepona.fr\/wp-content\/uploads\/2026\/03\/20251021_170512-1024x768.jpg 1024w, https:\/\/lescollinesdepona.fr\/wp-content\/uploads\/2026\/03\/20251021_170512-768x576.jpg 768w, https:\/\/lescollinesdepona.fr\/wp-content\/uploads\/2026\/03\/20251021_170512-1536x1152.jpg 1536w, https:\/\/lescollinesdepona.fr\/wp-content\/uploads\/2026\/03\/20251021_170512-2048x1536.jpg 2048w\" sizes=\"auto, (max-width: 300px) 100vw, 300px\" \/><\/figure>\n\n\n\n<figure class=\"wp-block-image size-medium\"><img loading=\"lazy\" decoding=\"async\" width=\"225\" height=\"300\" src=\"https:\/\/lescollinesdepona.fr\/wp-content\/uploads\/2026\/03\/20251028_145224-225x300.jpg\" alt=\"\" class=\"wp-image-986\" srcset=\"https:\/\/lescollinesdepona.fr\/wp-content\/uploads\/2026\/03\/20251028_145224-225x300.jpg 225w, https:\/\/lescollinesdepona.fr\/wp-content\/uploads\/2026\/03\/20251028_145224-768x1024.jpg 768w, https:\/\/lescollinesdepona.fr\/wp-content\/uploads\/2026\/03\/20251028_145224-1152x1536.jpg 1152w, https:\/\/lescollinesdepona.fr\/wp-content\/uploads\/2026\/03\/20251028_145224-1536x2048.jpg 1536w, https:\/\/lescollinesdepona.fr\/wp-content\/uploads\/2026\/03\/20251028_145224-scaled.jpg 1920w\" sizes=\"auto, (max-width: 225px) 100vw, 225px\" \/><\/figure>\n<\/div>\n\n\n\n<p>Accueil temporaire ou permanent de votre \u00e9quid\u00e9 en vaste pr\u00e9 collectif ou individuel (en fonction des places disponibles) avec abris naturels et en dur, herbe et\/ou foin \u00e0 volont\u00e9 certifi\u00e9 AB sous filet \u00e0 foin. Une p\u00e9riode d&#8217;adaptation est toujours pr\u00e9vue \u00e0 l&#8217;arriv\u00e9e. Possibilit\u00e9 de donner des compl\u00e9ments. <\/p>\n\n\n\n<p>Pour \u00e9quid\u00e9s respectueux des cl\u00f4tures. Pieds nus <strong>exclusivement<\/strong> pour des raisons de s\u00e9curit\u00e9 avec les filets \u00e0 foin. <\/p>\n\n\n\n<p>Nous vous proposons un accompagnement personnalis\u00e9 dans le d\u00e9veloppement de la relation avec votre \u00e9quid\u00e9, un accompagnement physiologique bas\u00e9 sur nos connaissances et exp\u00e9rience depuis plus de 30 ans, notre r\u00e9seau de partenaires. <\/p>\n\n\n\n<p>Surveillance 7 jrs \/ 7 jrs toute l&#8217;ann\u00e9e par notre \u00e9quipe. Tous les \u00e9quid\u00e9s de nos troupeaux b\u00e9n\u00e9ficient de la m\u00eame attention quotidienne. <\/p>\n\n\n\n<p>Etant soucieux de la pr\u00e9servation de notre environnement, nous avons organis\u00e9 notre structure en ayant la moindre artificialisation des sols possible. Installations \u00e9questres \u00e0 votre disposition (en dehors des heures de cours et stages, le planning est communiqu\u00e9 en d\u00e9but d&#8217;ann\u00e9e): <\/p>\n\n\n\n<ul class=\"wp-block-list\">\n<li>1 carri\u00e8re 40mx20m en sable de Garonne drain\u00e9e accessible 365 jrs par an<\/li>\n\n\n\n<li>1 rond de longe enherb\u00e9 drain\u00e9 d&#8217;un diam\u00e8tre de 20m<\/li>\n\n\n\n<li>un petit Parcours en Terrain Vari\u00e9 (PTV)<\/li>\n\n\n\n<li>du mat\u00e9riel p\u00e9dagogique \u00e0 disposition (obstacles, plots, etc&#8230;)<\/li>\n\n\n\n<li>espaces de pansage et de douche stabilis\u00e9s et drain\u00e9s<\/li>\n\n\n\n<li>parking voitures et parking van\/petit camion<\/li>\n\n\n\n<li>des chemins de balade accessible \u00e0 cheval (GR86 \u00e0 moins d&#8217;1km)<\/li>\n\n\n\n<li>\u00e0 venir : une sellerie &#8220;propri\u00e9taires&#8221;<\/li>\n<\/ul>\n\n\n\n<p><\/p>\n\n\n\n<p>Tarif adapt\u00e9 poney \/ cheval. Tarif pr\u00e9f\u00e9rentiel pour toutes les activit\u00e9s propos\u00e9es (cours, stages, sorties en concours, etc&#8230;).<\/p>\n\n\n\n<p>Une ambiance familiale et calme pour des moments de partages conviviaux, une entraide et l&#8217;organisation de balades entre propri\u00e9taires. <\/p>\n\n\n\n<p>Nous contacter pour tous renseignements, tarifs et disponibilit\u00e9s. <\/p>\n","protected":false},"excerpt":{"rendered":"<p>Accueil temporaire ou permanent de votre \u00e9quid\u00e9 en vaste pr\u00e9 collectif ou individuel (en fonction des places disponibles) avec abris naturels et en dur, herbe et\/ou foin \u00e0 volont\u00e9 certifi\u00e9 AB sous filet \u00e0 foin. Une p\u00e9riode d&#8217;adaptation est toujours pr\u00e9vue \u00e0 l&#8217;arriv\u00e9e. Possibilit\u00e9 de donner des compl\u00e9ments. Pour \u00e9quid\u00e9s [&hellip;]<\/p>\n","protected":false},"author":1,"featured_media":0,"parent":0,"menu_order":0,"comment_status":"closed","ping_status":"closed","template":"","meta":{"_themeisle_gutenberg_block_has_review":false,"footnotes":""},"class_list":["post-582","page","type-page","status-publish","hentry"],"_links":{"self":[{"href":"https:\/\/lescollinesdepona.fr\/index.php\/wp-json\/wp\/v2\/pages\/582","targetHints":{"allow":["GET"]}}],"collection":[{"href":"https:\/\/lescollinesdepona.fr\/index.php\/wp-json\/wp\/v2\/pages"}],"about":[{"href":"https:\/\/lescollinesdepona.fr\/index.php\/wp-json\/wp\/v2\/types\/page"}],"author":[{"embeddable":true,"href":"https:\/\/lescollinesdepona.fr\/index.php\/wp-json\/wp\/v2\/users\/1"}],"replies":[{"embeddable":true,"href":"https:\/\/lescollinesdepona.fr\/index.php\/wp-json\/wp\/v2\/comments?post=582"}],"version-history":[{"count":12,"href":"https:\/\/lescollinesdepona.fr\/index.php\/wp-json\/wp\/v2\/pages\/582\/revisions"}],"predecessor-version":[{"id":988,"href":"https:\/\/lescollinesdepona.fr\/index.php\/wp-json\/wp\/v2\/pages\/582\/revisions\/988"}],"wp:attachment":[{"href":"https:\/\/lescollinesdepona.fr\/index.php\/wp-json\/wp\/v2\/media?parent=582"}],"curies":[{"name":"wp","href":"https:\/\/api.w.org\/{rel}","templated":true}]}}