{"id":587,"date":"2024-01-23T23:41:20","date_gmt":"2024-01-23T22:41:20","guid":{"rendered":"http:\/\/lescollinesdepona.fr\/?page_id=587"},"modified":"2026-04-08T13:33:25","modified_gmt":"2026-04-08T11:33:25","slug":"elevage-de-chevaux-castillonnais-et-poneys-rustiques","status":"publish","type":"page","link":"https:\/\/lescollinesdepona.fr\/index.php\/elevage-de-chevaux-castillonnais-et-poneys-rustiques\/","title":{"rendered":"Elevage \u00e9quin en AB"},"content":{"rendered":"\n<figure class=\"wp-block-pullquote ticss-57c8734a\"><blockquote><p>1er \u00e9levage \u00e9quin de loisir et de travail certifi\u00e9 en Agriculture Biologique de Haute-Garonne (depuis 2024), notre priorit\u00e9 est mise sur le bien-\u00eatre de notre troupeau vivant en libert\u00e9 dans leur domaine vital organis\u00e9 en pacage dynamique sur une des 1\u00e8res \u00e9quipistes du Sud-Ouest, que nous avons compl\u00e8tement cr\u00e9\u00e9 en 2022. <br>Notre fourrage luzern\u00e9 sp\u00e9cial \u00e9quin alimentant notre troupeau est produit sur les parcelles de la ferme et est \u00e9galement certifi\u00e9 en Agriculture Biologique depuis 2024. <\/p><cite>Un esprit sain dans un corps sain !<\/cite><\/blockquote><\/figure>\n\n\n\n<div class=\"wp-block-group is-nowrap is-layout-flex wp-container-core-group-is-layout-ad2f72ca wp-block-group-is-layout-flex\">\n<figure class=\"wp-block-image size-medium\"><img loading=\"lazy\" decoding=\"async\" width=\"225\" height=\"300\" src=\"https:\/\/lescollinesdepona.fr\/wp-content\/uploads\/2024\/03\/20230501_190729-225x300.jpg\" alt=\"\" class=\"wp-image-675\" srcset=\"https:\/\/lescollinesdepona.fr\/wp-content\/uploads\/2024\/03\/20230501_190729-225x300.jpg 225w, https:\/\/lescollinesdepona.fr\/wp-content\/uploads\/2024\/03\/20230501_190729-768x1024.jpg 768w, https:\/\/lescollinesdepona.fr\/wp-content\/uploads\/2024\/03\/20230501_190729-1152x1536.jpg 1152w, https:\/\/lescollinesdepona.fr\/wp-content\/uploads\/2024\/03\/20230501_190729-1536x2048.jpg 1536w, https:\/\/lescollinesdepona.fr\/wp-content\/uploads\/2024\/03\/20230501_190729-scaled.jpg 1920w\" sizes=\"auto, (max-width: 225px) 100vw, 225px\" \/><\/figure>\n\n\n\n<figure class=\"wp-block-image size-medium\"><img loading=\"lazy\" decoding=\"async\" width=\"225\" height=\"300\" src=\"https:\/\/lescollinesdepona.fr\/wp-content\/uploads\/2024\/03\/20230420_194635-225x300.jpg\" alt=\"\" class=\"wp-image-673\" srcset=\"https:\/\/lescollinesdepona.fr\/wp-content\/uploads\/2024\/03\/20230420_194635-225x300.jpg 225w, https:\/\/lescollinesdepona.fr\/wp-content\/uploads\/2024\/03\/20230420_194635-768x1024.jpg 768w, https:\/\/lescollinesdepona.fr\/wp-content\/uploads\/2024\/03\/20230420_194635-1152x1536.jpg 1152w, https:\/\/lescollinesdepona.fr\/wp-content\/uploads\/2024\/03\/20230420_194635-1536x2048.jpg 1536w, https:\/\/lescollinesdepona.fr\/wp-content\/uploads\/2024\/03\/20230420_194635-scaled.jpg 1920w\" sizes=\"auto, (max-width: 225px) 100vw, 225px\" \/><\/figure>\n\n\n\n<figure class=\"wp-block-image size-medium\"><img loading=\"lazy\" decoding=\"async\" width=\"225\" height=\"300\" src=\"https:\/\/lescollinesdepona.fr\/wp-content\/uploads\/2026\/03\/20250508_202146-225x300.jpg\" alt=\"\" class=\"wp-image-979\" srcset=\"https:\/\/lescollinesdepona.fr\/wp-content\/uploads\/2026\/03\/20250508_202146-225x300.jpg 225w, https:\/\/lescollinesdepona.fr\/wp-content\/uploads\/2026\/03\/20250508_202146-768x1024.jpg 768w, https:\/\/lescollinesdepona.fr\/wp-content\/uploads\/2026\/03\/20250508_202146-1152x1536.jpg 1152w, https:\/\/lescollinesdepona.fr\/wp-content\/uploads\/2026\/03\/20250508_202146-1536x2048.jpg 1536w, https:\/\/lescollinesdepona.fr\/wp-content\/uploads\/2026\/03\/20250508_202146-scaled.jpg 1920w\" sizes=\"auto, (max-width: 225px) 100vw, 225px\" \/><\/figure>\n\n\n\n<figure class=\"wp-block-image size-medium\"><img loading=\"lazy\" decoding=\"async\" width=\"225\" height=\"300\" src=\"https:\/\/lescollinesdepona.fr\/wp-content\/uploads\/2026\/03\/20250520_135909-225x300.jpg\" alt=\"\" class=\"wp-image-967\" srcset=\"https:\/\/lescollinesdepona.fr\/wp-content\/uploads\/2026\/03\/20250520_135909-225x300.jpg 225w, https:\/\/lescollinesdepona.fr\/wp-content\/uploads\/2026\/03\/20250520_135909-768x1024.jpg 768w, https:\/\/lescollinesdepona.fr\/wp-content\/uploads\/2026\/03\/20250520_135909-1152x1536.jpg 1152w, https:\/\/lescollinesdepona.fr\/wp-content\/uploads\/2026\/03\/20250520_135909-1536x2048.jpg 1536w, https:\/\/lescollinesdepona.fr\/wp-content\/uploads\/2026\/03\/20250520_135909-scaled.jpg 1920w\" sizes=\"auto, (max-width: 225px) 100vw, 225px\" \/><\/figure>\n<\/div>\n\n\n\n<div class=\"wp-block-group is-content-justification-center is-nowrap is-layout-flex wp-container-core-group-is-layout-94bc23d7 wp-block-group-is-layout-flex\">\n<figure class=\"wp-block-image size-medium\"><img loading=\"lazy\" decoding=\"async\" width=\"300\" height=\"300\" src=\"https:\/\/lescollinesdepona.fr\/wp-content\/uploads\/2026\/03\/Logo-BEA-RVB-3-300x300.jpg\" alt=\"\" class=\"wp-image-972\" srcset=\"https:\/\/lescollinesdepona.fr\/wp-content\/uploads\/2026\/03\/Logo-BEA-RVB-3-300x300.jpg 300w, https:\/\/lescollinesdepona.fr\/wp-content\/uploads\/2026\/03\/Logo-BEA-RVB-3-1024x1024.jpg 1024w, https:\/\/lescollinesdepona.fr\/wp-content\/uploads\/2026\/03\/Logo-BEA-RVB-3-150x150.jpg 150w, https:\/\/lescollinesdepona.fr\/wp-content\/uploads\/2026\/03\/Logo-BEA-RVB-3-768x768.jpg 768w, https:\/\/lescollinesdepona.fr\/wp-content\/uploads\/2026\/03\/Logo-BEA-RVB-3-1536x1536.jpg 1536w, https:\/\/lescollinesdepona.fr\/wp-content\/uploads\/2026\/03\/Logo-BEA-RVB-3-2048x2048.jpg 2048w\" sizes=\"auto, (max-width: 300px) 100vw, 300px\" \/><\/figure>\n\n\n\n<figure class=\"wp-block-image size-medium\"><img loading=\"lazy\" decoding=\"async\" width=\"248\" height=\"300\" src=\"https:\/\/lescollinesdepona.fr\/wp-content\/uploads\/2026\/03\/AB_HD-248x300.jpeg\" alt=\"\" class=\"wp-image-942\" srcset=\"https:\/\/lescollinesdepona.fr\/wp-content\/uploads\/2026\/03\/AB_HD-248x300.jpeg 248w, https:\/\/lescollinesdepona.fr\/wp-content\/uploads\/2026\/03\/AB_HD-847x1024.jpeg 847w, https:\/\/lescollinesdepona.fr\/wp-content\/uploads\/2026\/03\/AB_HD-768x929.jpeg 768w, https:\/\/lescollinesdepona.fr\/wp-content\/uploads\/2026\/03\/AB_HD-1270x1536.jpeg 1270w, https:\/\/lescollinesdepona.fr\/wp-content\/uploads\/2026\/03\/AB_HD-1693x2048.jpeg 1693w, https:\/\/lescollinesdepona.fr\/wp-content\/uploads\/2026\/03\/AB_HD.jpeg 1833w\" sizes=\"auto, (max-width: 248px) 100vw, 248px\" \/><\/figure>\n<\/div>\n\n\n\n<p class=\"has-text-align-center\">Nous faisons saillir en alternance au maximum tous les 2 ans nos juments ou ponettes, le temps qu&#8217;elles vivent pleinement leur gestation, la mise bas et leur r\u00e9cup\u00e9ration, et que les poulains grandissent et commencent leur sociabilisation au contact du troupeau et des humains jusqu&#8217;\u00e0 leur sevrage autour de l&#8217;\u00e2ge de 10 mois, o\u00f9 ils pourront commencer \u00e0 rejoindre leur nouvelle maison en confiance s\u00e9lectionn\u00e9e avec soin.<\/p>\n\n\n\n<p>Nous veillons au quotidien et faisons appel \u00e0 de nombreux partenaires et professionnels de confiance nous aidant \u00e0 l\u2019entretien, la maintenance et aux travaux d\u2019exploitation, \u00e0 la nourriture et aux soins apport\u00e9s \u00e0 la cavalerie (fourrage suppl\u00e9mentaire et compl\u00e9ments alimentaires, parage physiologique, v\u00e9t\u00e9rinaire, dentisterie, ost\u00e9opathie, Shiatsu, communication, &#8230;)<\/p>\n\n\n\n<p class=\"has-text-align-center\">Nous mettons l&#8217;accent sur la sensibilisation aux responsabilit\u00e9s en tant que futur propri\u00e9taire d&#8217;\u00e9quid\u00e9. Nous pouvons vous <strong>former et vous aider \u00e0 l&#8217;acquisition de votre \u00e9quid\u00e9 (provenant de l&#8217;\u00e9levage ou d&#8217;ailleurs): <\/strong>vous r\u00eavez de devenir propri\u00e9taire mais cela incombe de nouvelles responsabilit\u00e9s sur une tr\u00e8s longue dur\u00e9e: un cheval ou un poney peut vivre jusqu&#8217;\u00e0 30, voire 40 ans. Nous pouvons vous accompagner \u00e0 l&#8217;obtention et vous fournissons apr\u00e8s formation le <a href=\"https:\/\/agriculture.gouv.fr\/animaux-de-compagnie-equides-tout-savoir-sur-le-certificat-dengagement-et-de-connaissance\">&#8220;certificat d&#8217;engagement et de connaissance pour la d\u00e9tention d&#8217;un \u00e9quid\u00e9&#8221;<\/a> (obligatoire depuis le 31\/12\/2022). Nous contacter pour tous renseignements et pour votre recherche de votre prochain partenaire \u00e9quin pour la vie.<\/p>\n\n\n\n<ul class=\"wp-block-list\">\n<li><strong>Accompagnement \u00e0 l&#8217;achat (hors \u00e9levage Les Collines d&#8217;Epona) : visite sur site 2h : 60\u20ac TTC (+ frais kilom\u00e9triques au tarif en vigueur pour un d\u00e9placement au-del\u00e0 de 15km). <\/strong><\/li>\n<\/ul>\n\n\n\n<ul class=\"wp-block-list\">\n<li><strong>Visite guid\u00e9e d&#8217;1h de la ferme \u00e9questre (sur rendez-vous, \u00e0 partir de 4 personnes) et d\u00e9couverte des pratiques naturelles d&#8217;\u00e9levage \u00e9quin, de leur mode de communication, &#8230; : 5\u20ac TTC \/ personne. Nous contacter pour les visites de groupes, les scolaires, etc&#8230; <\/strong><\/li>\n<\/ul>\n\n\n\n<p class=\"has-text-align-center has-pink-color has-text-color has-larger-font-size\"><em><strong><span class=\"highlight\">De nouvelles sensations pour de nouveaux partages, le monde des sens s\u2019ouvre \u00e0 vous \u2026 <\/span><\/strong><\/em><\/p>\n\n\n\n<p class=\"has-white-color has-text-color\">Nous contacter pour la programmation et les tarifs. <\/p>\n","protected":false},"excerpt":{"rendered":"<p>1er \u00e9levage \u00e9quin de loisir et de travail certifi\u00e9 en Agriculture Biologique de Haute-Garonne (depuis 2024), notre priorit\u00e9 est mise sur le bien-\u00eatre de notre troupeau vivant en libert\u00e9 dans leur domaine vital organis\u00e9 en pacage dynamique sur une des 1\u00e8res \u00e9quipistes du Sud-Ouest, que nous avons compl\u00e8tement cr\u00e9\u00e9 en [&hellip;]<\/p>\n","protected":false},"author":1,"featured_media":0,"parent":0,"menu_order":0,"comment_status":"closed","ping_status":"closed","template":"","meta":{"_themeisle_gutenberg_block_has_review":false,"footnotes":""},"class_list":["post-587","page","type-page","status-publish","hentry"],"_links":{"self":[{"href":"https:\/\/lescollinesdepona.fr\/index.php\/wp-json\/wp\/v2\/pages\/587","targetHints":{"allow":["GET"]}}],"collection":[{"href":"https:\/\/lescollinesdepona.fr\/index.php\/wp-json\/wp\/v2\/pages"}],"about":[{"href":"https:\/\/lescollinesdepona.fr\/index.php\/wp-json\/wp\/v2\/types\/page"}],"author":[{"embeddable":true,"href":"https:\/\/lescollinesdepona.fr\/index.php\/wp-json\/wp\/v2\/users\/1"}],"replies":[{"embeddable":true,"href":"https:\/\/lescollinesdepona.fr\/index.php\/wp-json\/wp\/v2\/comments?post=587"}],"version-history":[{"count":17,"href":"https:\/\/lescollinesdepona.fr\/index.php\/wp-json\/wp\/v2\/pages\/587\/revisions"}],"predecessor-version":[{"id":1024,"href":"https:\/\/lescollinesdepona.fr\/index.php\/wp-json\/wp\/v2\/pages\/587\/revisions\/1024"}],"wp:attachment":[{"href":"https:\/\/lescollinesdepona.fr\/index.php\/wp-json\/wp\/v2\/media?parent=587"}],"curies":[{"name":"wp","href":"https:\/\/api.w.org\/{rel}","templated":true}]}}