{"id":881,"date":"2026-01-12T22:08:42","date_gmt":"2026-01-12T21:08:42","guid":{"rendered":"https:\/\/lescollinesdepona.fr\/?page_id=881"},"modified":"2026-03-06T12:29:06","modified_gmt":"2026-03-06T11:29:06","slug":"bienvenue","status":"publish","type":"page","link":"https:\/\/lescollinesdepona.fr\/index.php\/bienvenue\/","title":{"rendered":"Bienvenue !"},"content":{"rendered":"\n<div class=\"wp-block-group is-nowrap is-layout-flex wp-container-core-group-is-layout-ad2f72ca wp-block-group-is-layout-flex\">\n<figure class=\"wp-block-image size-medium\"><img loading=\"lazy\" decoding=\"async\" width=\"300\" height=\"293\" src=\"https:\/\/lescollinesdepona.fr\/wp-content\/uploads\/2026\/03\/Inf-Logo-CCF-V1-3-300x293.jpg\" alt=\"\" class=\"wp-image-970\" srcset=\"https:\/\/lescollinesdepona.fr\/wp-content\/uploads\/2026\/03\/Inf-Logo-CCF-V1-3-300x293.jpg 300w, https:\/\/lescollinesdepona.fr\/wp-content\/uploads\/2026\/03\/Inf-Logo-CCF-V1-3-1024x1001.jpg 1024w, https:\/\/lescollinesdepona.fr\/wp-content\/uploads\/2026\/03\/Inf-Logo-CCF-V1-3-768x750.jpg 768w, https:\/\/lescollinesdepona.fr\/wp-content\/uploads\/2026\/03\/Inf-Logo-CCF-V1-3-1536x1501.jpg 1536w, https:\/\/lescollinesdepona.fr\/wp-content\/uploads\/2026\/03\/Inf-Logo-CCF-V1-3.jpg 1793w\" sizes=\"auto, (max-width: 300px) 100vw, 300px\" \/><\/figure>\n\n\n\n<div class=\"wp-block-group\"><div class=\"wp-block-group__inner-container is-layout-constrained wp-block-group-is-layout-constrained\">\n<figure class=\"wp-block-image size-medium\"><img loading=\"lazy\" decoding=\"async\" width=\"200\" height=\"300\" src=\"https:\/\/lescollinesdepona.fr\/wp-content\/uploads\/2026\/03\/Inf-Logo-EFE-V1-200x300.jpg\" alt=\"\" class=\"wp-image-952\" srcset=\"https:\/\/lescollinesdepona.fr\/wp-content\/uploads\/2026\/03\/Inf-Logo-EFE-V1-200x300.jpg 200w, https:\/\/lescollinesdepona.fr\/wp-content\/uploads\/2026\/03\/Inf-Logo-EFE-V1.jpg 591w\" sizes=\"auto, (max-width: 200px) 100vw, 200px\" \/><\/figure>\n<\/div><\/div>\n\n\n\n<figure class=\"wp-block-image size-medium\"><img loading=\"lazy\" decoding=\"async\" width=\"300\" height=\"297\" src=\"https:\/\/lescollinesdepona.fr\/wp-content\/uploads\/2026\/03\/Inf-Logo-PCF-V1-2-300x297.jpg\" alt=\"\" class=\"wp-image-971\" srcset=\"https:\/\/lescollinesdepona.fr\/wp-content\/uploads\/2026\/03\/Inf-Logo-PCF-V1-2-300x297.jpg 300w, https:\/\/lescollinesdepona.fr\/wp-content\/uploads\/2026\/03\/Inf-Logo-PCF-V1-2-1024x1012.jpg 1024w, https:\/\/lescollinesdepona.fr\/wp-content\/uploads\/2026\/03\/Inf-Logo-PCF-V1-2-150x150.jpg 150w, https:\/\/lescollinesdepona.fr\/wp-content\/uploads\/2026\/03\/Inf-Logo-PCF-V1-2-768x759.jpg 768w, https:\/\/lescollinesdepona.fr\/wp-content\/uploads\/2026\/03\/Inf-Logo-PCF-V1-2-1536x1518.jpg 1536w, https:\/\/lescollinesdepona.fr\/wp-content\/uploads\/2026\/03\/Inf-Logo-PCF-V1-2.jpg 1722w\" sizes=\"auto, (max-width: 300px) 100vw, 300px\" \/><\/figure>\n<\/div>\n\n\n\n<div class=\"wp-block-group is-content-justification-center is-nowrap is-layout-flex wp-container-core-group-is-layout-94bc23d7 wp-block-group-is-layout-flex\">\n<figure class=\"wp-block-image size-medium\"><img loading=\"lazy\" decoding=\"async\" width=\"300\" height=\"300\" src=\"https:\/\/lescollinesdepona.fr\/wp-content\/uploads\/2026\/03\/Logo-BEA-RVB-3-300x300.jpg\" alt=\"\" class=\"wp-image-972\" srcset=\"https:\/\/lescollinesdepona.fr\/wp-content\/uploads\/2026\/03\/Logo-BEA-RVB-3-300x300.jpg 300w, https:\/\/lescollinesdepona.fr\/wp-content\/uploads\/2026\/03\/Logo-BEA-RVB-3-1024x1024.jpg 1024w, https:\/\/lescollinesdepona.fr\/wp-content\/uploads\/2026\/03\/Logo-BEA-RVB-3-150x150.jpg 150w, https:\/\/lescollinesdepona.fr\/wp-content\/uploads\/2026\/03\/Logo-BEA-RVB-3-768x768.jpg 768w, https:\/\/lescollinesdepona.fr\/wp-content\/uploads\/2026\/03\/Logo-BEA-RVB-3-1536x1536.jpg 1536w, https:\/\/lescollinesdepona.fr\/wp-content\/uploads\/2026\/03\/Logo-BEA-RVB-3-2048x2048.jpg 2048w\" sizes=\"auto, (max-width: 300px) 100vw, 300px\" \/><\/figure>\n\n\n\n<figure class=\"wp-block-image size-medium\"><img loading=\"lazy\" decoding=\"async\" width=\"195\" height=\"300\" src=\"https:\/\/lescollinesdepona.fr\/wp-content\/uploads\/2026\/03\/Logo-Cheval-Etape-V1-1-195x300.jpg\" alt=\"\" class=\"wp-image-973\" srcset=\"https:\/\/lescollinesdepona.fr\/wp-content\/uploads\/2026\/03\/Logo-Cheval-Etape-V1-1-195x300.jpg 195w, https:\/\/lescollinesdepona.fr\/wp-content\/uploads\/2026\/03\/Logo-Cheval-Etape-V1-1-666x1024.jpg 666w, https:\/\/lescollinesdepona.fr\/wp-content\/uploads\/2026\/03\/Logo-Cheval-Etape-V1-1-768x1181.jpg 768w, https:\/\/lescollinesdepona.fr\/wp-content\/uploads\/2026\/03\/Logo-Cheval-Etape-V1-1.jpg 779w\" sizes=\"auto, (max-width: 195px) 100vw, 195px\" \/><\/figure>\n<\/div>\n\n\n\n<div class=\"wp-block-group is-content-justification-center is-nowrap is-layout-flex wp-container-core-group-is-layout-94bc23d7 wp-block-group-is-layout-flex\">\n<figure class=\"wp-block-image size-medium\"><img loading=\"lazy\" decoding=\"async\" width=\"248\" height=\"300\" src=\"https:\/\/lescollinesdepona.fr\/wp-content\/uploads\/2026\/03\/AB_HD-248x300.jpeg\" alt=\"\" class=\"wp-image-942\" srcset=\"https:\/\/lescollinesdepona.fr\/wp-content\/uploads\/2026\/03\/AB_HD-248x300.jpeg 248w, https:\/\/lescollinesdepona.fr\/wp-content\/uploads\/2026\/03\/AB_HD-847x1024.jpeg 847w, https:\/\/lescollinesdepona.fr\/wp-content\/uploads\/2026\/03\/AB_HD-768x929.jpeg 768w, https:\/\/lescollinesdepona.fr\/wp-content\/uploads\/2026\/03\/AB_HD-1270x1536.jpeg 1270w, https:\/\/lescollinesdepona.fr\/wp-content\/uploads\/2026\/03\/AB_HD-1693x2048.jpeg 1693w, https:\/\/lescollinesdepona.fr\/wp-content\/uploads\/2026\/03\/AB_HD.jpeg 1833w\" sizes=\"auto, (max-width: 248px) 100vw, 248px\" \/><\/figure>\n\n\n\n<figure class=\"wp-block-image size-medium\"><img loading=\"lazy\" decoding=\"async\" width=\"271\" height=\"300\" src=\"https:\/\/lescollinesdepona.fr\/wp-content\/uploads\/2026\/03\/logo-BAF-1-271x300.jpeg\" alt=\"\" class=\"wp-image-943\" srcset=\"https:\/\/lescollinesdepona.fr\/wp-content\/uploads\/2026\/03\/logo-BAF-1-271x300.jpeg 271w, https:\/\/lescollinesdepona.fr\/wp-content\/uploads\/2026\/03\/logo-BAF-1.jpeg 395w\" sizes=\"auto, (max-width: 271px) 100vw, 271px\" \/><\/figure>\n<\/div>\n\n\n\n<p class=\"animated backInUp\">C\u2019est dans un \u00e9crin de verdure, le long d\u2019une petite route panoramique paysag\u00e8re de Haute-Garonne labellis\u00e9e Itin\u00e9raire d\u00e9partemental <a href=\"https:\/\/www.randohautegaronne.com\/nos-randos\/?mb_page=circuit&amp;mb_id=235367&amp;mb_titre=aurignac-ligne-verte-1\">&#8220;Aurignac &#8211; Ligne Verte 1&#8221;<\/a> et <a href=\"https:\/\/www.randohautegaronne.com\/nos-randos\/?mb_page=circuit&amp;mb_id=235368&amp;mb_titre=aurignac-ligne-verte-2\">&#8220;Aurignac &#8211; Ligne Verte 2&#8221;<\/a>, \u00e0 seulement 1km du <a href=\"https:\/\/www.randohautegaronne.com\/nos-gr\/gr86-de-toulouse-a-luchon\/?mb_page=circuit&amp;mb_id=327330&amp;mb_titre=gr-86-de-toulouse-a-luchon\">GR\u00ae86<\/a>, entre 2 for\u00eats de feuillus au pied des Pyr\u00e9n\u00e9es, que nous vous accueillons dans notre ferme \u00e9questre \u00e9thologique et de pleine nature Les Collines d\u2019Epona certifi\u00e9e AB depuis 2024, entour\u00e9e de 14 hectares de prairies permanentes d\u00e9di\u00e9es \u00e0 l\u2019\u00e9levage, la valorisation des chevaux et poneys, et l&#8217;\u00e9quitation \u00e9thologique.<\/p>\n\n\n\n<p class=\"animated backInUp\">Venez visiter notre \u00e9levage \u00e9quin de loisirs et de travail en famille ou entre amis, tout en respirant le grand air et b\u00e9n\u00e9ficier d\u2019une vue panoramique \u00e0 360\u00b0 sur les paysages de vallons et de la cha\u00eene pyr\u00e9n\u00e9enne, dans un cadre calme, pr\u00e9serv\u00e9 et idyllique.<\/p>\n\n\n\n<p class=\"animated backInUp\">Venez d\u00e9couvrir et pratiquer <a href=\"https:\/\/www.ffe.com\/encadrer\/l-equitation-ethologique\">l\u2019\u00e9quitation \u00e9thologique<\/a> dans une grande vari\u00e9t\u00e9 de disciplines f\u00e9d\u00e9rales classiques et nouvelles, une \u00e9quitation respectueuse des \u00e9quins et des humains, bas\u00e9e sur l&#8217;am\u00e9lioration de la communication avec eux, la recherche de la coop\u00e9ration plut\u00f4t que la contrainte, la justesse et la l\u00e9g\u00e8ret\u00e9 des mouvements, encadr\u00e9e par une enseignante professionnelle dipl\u00f4m\u00e9e d&#8217;\u00e9tat et de la FFE et exp\u00e9riment\u00e9e depuis plus de 35 ans aupr\u00e8s de notre cavalerie \u00ab&nbsp;bien dans leur t\u00eate et dans leurs sabots&nbsp;!&nbsp;\u00bb<\/p>\n\n\n\n<p class=\"animated backInUp\">Venez visiter et vous immerger au sein de nos troupeaux qui vivent toute l\u2019ann\u00e9e dans l\u2019une des premi\u00e8res \u00ab&nbsp;\u00e9quipistes&nbsp;\u00bb innovantes du Sud-Ouest, r\u00e9pondant aux besoins de leur domaine vital.<\/p>\n\n\n\n<p>Nous avons \u00e0 coeur de vous accueillir dans les meilleures conditions possibles, au m\u00eame titre que l&#8217;engagement que nous menons au quotidien pour prendre soin de tous nos loulous. C&#8217;est pourquoi nous avons obtenu plusieurs labels et certifications : <a href=\"https:\/\/www.bienvenue-a-la-ferme.com\/occitanie\/haute-garonne\/cassagnabere-tournas\/ferme\/les-collines-d-epona\/632776\">Bienvenue \u00e0 la Ferme<\/a> depuis 2023, Agriculture Biologique depuis 2024, affiliation \u00e0 la <a href=\"https:\/\/www.telemat.org\/FFE\/sif\/?cs=4.a3ccfe68227955029bfcdf8dafa954dd7cdf682bcf23da90df635629d862ff84fe18\">F\u00e9d\u00e9ration Fran\u00e7aise d&#8217;Equitation<\/a> depuis 2023 et <a href=\"https:\/\/www.telemat.org\/FFE\/sif\/?cs=4.a3ccfe68227955029bfcdf8dafa954dd7cdf682bcf23da90df635629d862ff84fe18\">labellis\u00e9e<\/a> depuis 2026 <a href=\"https:\/\/www.ffe.com\/pratiquer\/labels\">Cheval Club de France, Poney Club de France, Ecole Fran\u00e7aise d&#8217;Equitation, Bien-\u00eatre Animal, Cheval Etape H\u00e9bergement ext\u00e9rieur<\/a>, Adh\u00e9rent \u00e0 l&#8217;Association Nationale du Cheval Castillonnais Ari\u00e8ge Pyr\u00e9n\u00e9es.<\/p>\n\n\n\n<div class=\"wp-block-group is-nowrap is-layout-flex wp-container-core-group-is-layout-ad2f72ca wp-block-group-is-layout-flex\">\n<figure class=\"wp-block-image size-medium\"><img loading=\"lazy\" decoding=\"async\" width=\"300\" height=\"225\" src=\"https:\/\/lescollinesdepona.fr\/wp-content\/uploads\/2026\/01\/20231228_081757-300x225.jpg\" alt=\"\" class=\"wp-image-907\" srcset=\"https:\/\/lescollinesdepona.fr\/wp-content\/uploads\/2026\/01\/20231228_081757-300x225.jpg 300w, https:\/\/lescollinesdepona.fr\/wp-content\/uploads\/2026\/01\/20231228_081757-1024x768.jpg 1024w, https:\/\/lescollinesdepona.fr\/wp-content\/uploads\/2026\/01\/20231228_081757-768x576.jpg 768w, https:\/\/lescollinesdepona.fr\/wp-content\/uploads\/2026\/01\/20231228_081757-1536x1152.jpg 1536w, https:\/\/lescollinesdepona.fr\/wp-content\/uploads\/2026\/01\/20231228_081757-2048x1536.jpg 2048w\" sizes=\"auto, (max-width: 300px) 100vw, 300px\" \/><\/figure>\n\n\n\n<figure class=\"wp-block-image size-medium\"><img loading=\"lazy\" decoding=\"async\" width=\"300\" height=\"225\" src=\"https:\/\/lescollinesdepona.fr\/wp-content\/uploads\/2026\/03\/20250930_080612-300x225.jpg\" alt=\"\" class=\"wp-image-999\" srcset=\"https:\/\/lescollinesdepona.fr\/wp-content\/uploads\/2026\/03\/20250930_080612-300x225.jpg 300w, https:\/\/lescollinesdepona.fr\/wp-content\/uploads\/2026\/03\/20250930_080612-1024x768.jpg 1024w, https:\/\/lescollinesdepona.fr\/wp-content\/uploads\/2026\/03\/20250930_080612-768x576.jpg 768w, https:\/\/lescollinesdepona.fr\/wp-content\/uploads\/2026\/03\/20250930_080612-1536x1152.jpg 1536w, https:\/\/lescollinesdepona.fr\/wp-content\/uploads\/2026\/03\/20250930_080612-2048x1536.jpg 2048w\" sizes=\"auto, (max-width: 300px) 100vw, 300px\" \/><\/figure>\n\n\n\n<figure class=\"wp-block-image size-medium\"><img loading=\"lazy\" decoding=\"async\" width=\"300\" height=\"225\" src=\"https:\/\/lescollinesdepona.fr\/wp-content\/uploads\/2026\/03\/20250930_080508-300x225.jpg\" alt=\"\" class=\"wp-image-1000\" srcset=\"https:\/\/lescollinesdepona.fr\/wp-content\/uploads\/2026\/03\/20250930_080508-300x225.jpg 300w, https:\/\/lescollinesdepona.fr\/wp-content\/uploads\/2026\/03\/20250930_080508-1024x768.jpg 1024w, https:\/\/lescollinesdepona.fr\/wp-content\/uploads\/2026\/03\/20250930_080508-768x576.jpg 768w, https:\/\/lescollinesdepona.fr\/wp-content\/uploads\/2026\/03\/20250930_080508-1536x1152.jpg 1536w, https:\/\/lescollinesdepona.fr\/wp-content\/uploads\/2026\/03\/20250930_080508-2048x1536.jpg 2048w\" sizes=\"auto, (max-width: 300px) 100vw, 300px\" \/><\/figure>\n<\/div>\n","protected":false},"excerpt":{"rendered":"<p>C\u2019est dans un \u00e9crin de verdure, le long d\u2019une petite route panoramique paysag\u00e8re de Haute-Garonne labellis\u00e9e Itin\u00e9raire d\u00e9partemental &#8220;Aurignac &#8211; Ligne Verte 1&#8221; et &#8220;Aurignac &#8211; Ligne Verte 2&#8221;, \u00e0 seulement 1km du GR\u00ae86, entre 2 for\u00eats de feuillus au pied des Pyr\u00e9n\u00e9es, que nous vous accueillons dans notre ferme [&hellip;]<\/p>\n","protected":false},"author":1,"featured_media":0,"parent":0,"menu_order":0,"comment_status":"closed","ping_status":"closed","template":"","meta":{"_themeisle_gutenberg_block_has_review":false,"footnotes":""},"class_list":["post-881","page","type-page","status-publish","hentry"],"_links":{"self":[{"href":"https:\/\/lescollinesdepona.fr\/index.php\/wp-json\/wp\/v2\/pages\/881","targetHints":{"allow":["GET"]}}],"collection":[{"href":"https:\/\/lescollinesdepona.fr\/index.php\/wp-json\/wp\/v2\/pages"}],"about":[{"href":"https:\/\/lescollinesdepona.fr\/index.php\/wp-json\/wp\/v2\/types\/page"}],"author":[{"embeddable":true,"href":"https:\/\/lescollinesdepona.fr\/index.php\/wp-json\/wp\/v2\/users\/1"}],"replies":[{"embeddable":true,"href":"https:\/\/lescollinesdepona.fr\/index.php\/wp-json\/wp\/v2\/comments?post=881"}],"version-history":[{"count":27,"href":"https:\/\/lescollinesdepona.fr\/index.php\/wp-json\/wp\/v2\/pages\/881\/revisions"}],"predecessor-version":[{"id":1018,"href":"https:\/\/lescollinesdepona.fr\/index.php\/wp-json\/wp\/v2\/pages\/881\/revisions\/1018"}],"wp:attachment":[{"href":"https:\/\/lescollinesdepona.fr\/index.php\/wp-json\/wp\/v2\/media?parent=881"}],"curies":[{"name":"wp","href":"https:\/\/api.w.org\/{rel}","templated":true}]}}